{"id":358,"date":"2015-05-12T03:32:04","date_gmt":"2015-05-12T03:32:04","guid":{"rendered":"http:\/\/2hg.88e.myftpupload.com\/?page_id=358"},"modified":"2026-01-11T06:13:28","modified_gmt":"2026-01-11T06:13:28","slug":"press","status":"publish","type":"page","link":"https:\/\/josephmichaellevry.com\/cs\/press\/","title":{"rendered":"Tisk"},"content":{"rendered":"<p>[et_pb_section fb_built=&#8221;1&#8243; fullwidth=&#8221;on&#8221; _builder_version=&#8221;4.16&#8243; background_color=&#8221;#f5f5f5&#8243; transparent_background=&#8221;off&#8221; global_colors_info=&#8221;{}&#8221;][et_pb_fullwidth_header title=&#8221;Press Section&#8221; content_max_width=&#8221;none&#8221; admin_label=&#8221;Fullwidth Header&#8221; _builder_version=&#8221;4.16&#8243; background_color=&#8221;rgba(255, 255, 255, 0)&#8221; background_layout=&#8221;light&#8221; global_colors_info=&#8221;{}&#8221; button_one_text_size__hover_enabled=&#8221;off&#8221; button_two_text_size__hover_enabled=&#8221;off&#8221; button_one_text_color__hover_enabled=&#8221;off&#8221; button_two_text_color__hover_enabled=&#8221;off&#8221; button_one_border_width__hover_enabled=&#8221;off&#8221; button_two_border_width__hover_enabled=&#8221;off&#8221; button_one_border_color__hover_enabled=&#8221;off&#8221; button_two_border_color__hover_enabled=&#8221;off&#8221; button_one_border_radius__hover_enabled=&#8221;off&#8221; button_two_border_radius__hover_enabled=&#8221;off&#8221; button_one_letter_spacing__hover_enabled=&#8221;off&#8221; button_two_letter_spacing__hover_enabled=&#8221;off&#8221; button_one_bg_color__hover_enabled=&#8221;off&#8221; button_two_bg_color__hover_enabled=&#8221;off&#8221;][\/et_pb_fullwidth_header][\/et_pb_section][et_pb_section fb_built=&#8221;1&#8243; _builder_version=&#8221;4.16&#8243; global_colors_info=&#8221;{}&#8221;][et_pb_row column_structure=&#8221;1_2,1_2&#8243; _builder_version=&#8221;4.16&#8243; background_size=&#8221;initial&#8221; background_position=&#8221;top_left&#8221; background_repeat=&#8221;repeat&#8221; global_colors_info=&#8221;{}&#8221;][et_pb_column type=&#8221;1_2&#8243; _builder_version=&#8221;4.16&#8243; custom_padding=&#8221;|||&#8221; global_colors_info=&#8221;{}&#8221; custom_padding__hover=&#8221;|||&#8221;][et_pb_text admin_label=&#8221;Text&#8221; _builder_version=&#8221;4.27.5&#8243; background_size=&#8221;initial&#8221; background_position=&#8221;top_left&#8221; background_repeat=&#8221;repeat&#8221; hover_enabled=&#8221;0&#8243; global_colors_info=&#8221;{}&#8221; sticky_enabled=&#8221;0&#8243;]<\/p>\n<h2>Dr. Joseph Michael Levry in the Press<\/h2>\n<p dir=\"ltr\"><a href=\"https:\/\/www.forbes.com.mx\/forbes-life\/salud-yoga-sukshma-vyayama-respiracion-mantras\/\" target=\"_blank\" rel=\"noopener noreferrer\">FORBES Magazine, March 2021. Sukshma Vyayama: The yogic discipline that connects you to your spiritual essence<\/a><\/p>\n<p dir=\"ltr\"><a href=\"https:\/\/thepuristonline.com\/2020\/07\/love-in-action\/\" target=\"_blank\" rel=\"noopener noreferrer\">PURIST Magazine, July 2020. Love in Action: Carolyn Murphy speaks to Dr. Levry about accessing spirituality in these challenging times<\/a><\/p>\n<p dir=\"ltr\"><a href=\"https:\/\/www.cnn.com\/2020\/04\/24\/opinions\/creating-a-pandemic-resistant-black-community-jones\/index.html\" target=\"_blank\" rel=\"noopener noreferrer\">CNN, April 24, 2020. Van Jones: I&#8217;m someone Covid-19 could easily kill. Here is what I&#8217;m doing about it.<\/a><\/p>\n<p dir=\"ltr\"><a href=\"https:\/\/www.foxnews.com\/lifestyle\/mexico-city-is-setting-for-worlds-largest-yoga-class-says-group\">Fox News, November 2011, Mexico City is the Setting for the World&#8217;s Largest Yoga Class<\/a><\/p>\n<p dir=\"ltr\"><a href=\"https:\/\/www.quien.com\/estilo-de-vida\/2020\/05\/31\/curaran-a-traves-de-la-musica-en-el-encuentro-mundial-por-la-paz-y-la-sanacion\" target=\"_blank\" rel=\"noopener noreferrer\">Quien, May 31, 2020. Curar\u00e1n a trav\u00e9s de la m\u00fasica en el &#8216;Encuentro Mundial por la Paz y la Sanaci\u00f3n&#8217;<\/a><\/p>\n<p dir=\"ltr\"><a href=\"https:\/\/www.marthadebayle.com\/v3\/radiov3\/sosv3\/predicciones-para-los-proximos-7-anos\/\">Martha Debayle, August 5, 2020. Predictions for the next 7 years\u00a0<\/a><\/p>\n<p dir=\"ltr\"><a href=\"https:\/\/www.marthadebayle.com\/v3\/podcast3\/miercoles-3-de-junio-de-2020\/\">Martha Debayle, June 3, 2020. The Power of Our Feelings<\/a><\/p>\n<p dir=\"ltr\"><a href=\"https:\/\/elledgy-magazine.com\/dr-joseph-michael-levry-healing-and-peace-for-modern-society\/\" target=\"_blank\" rel=\"noopener\">Elledgy Magazine, April 10, 2024. Dr. Joseph Michael Levry: healing and peace for modern society<\/a><\/p>\n<p dir=\"ltr\"><a href=\"https:\/\/www.youtube.com\/watch?v=AdE-TeV8gqM\" target=\"_blank\" rel=\"noopener\">La Saga with Adela Micha, March 2024. Changing Our Brainwaves with Advanced Spiritual Technology<\/a><\/p>\n<p dir=\"ltr\"><a href=\"https:\/\/lifechangesnetwork.com\/the-deep-healing-power-of-unconditional-love-ep782\/\" target=\"_blank\" rel=\"noopener\">Dr. Levry on the Life Changes Show, April 2024. The Deep Healing Power of Unconditional Love<\/a><\/p>\n<p><a href=\"https:\/\/bellamag.co\/carolyn-murphy-adrian-greiner-and-luca-del-bono-host-dr-joseph-michael-levrys-east-hampton-event\/\" target=\"_blank\" rel=\"noopener noreferrer\">BELLA Magazine, August 2018, Carolyn Murphy, Adrian Greiner And Luca Del Bono Host Dr. Joseph Michael Levry\u2019s East Hampton Event<\/a><\/p>\n<p><a href=\"https:\/\/www.arizonafoothillsmagazine.com\/valleygirlblog\/shopping\/the-salon-tea-from-hollywoods-most-sought-after-colorist-and-co-creator-of-the-rachel-michael-canale\/\" target=\"_blank\" rel=\"noopener noreferrer\">Valley Girl, July 2020, The \u201cSalon Tea\u201d from Hollywood\u2019s most sought-after colorist and co-creator of \u201cThe Rachel,\u201d Michael Canal\u00e9<\/a><\/p>\n<p><a href=\"https:\/\/starcentralmagazine.com\/entrepreneurship\/2020\/04\/01\/michael-canale\/\" target=\"_blank\" rel=\"noopener noreferrer\">Star Central Magazine, April 2020, One On One Interview With Hollywood\u2019s Most Sought-After Colorist: Michael Canal\u00e9<\/a><\/p>\n<p><a href=\"https:\/\/trendprivemagazine.com\/2019\/02\/23\/interview-michael-canale\/\" target=\"_blank\" rel=\"noopener noreferrer\">Trend Priv\u00e9 Magazine, February 2019, Interview with Michael Canal\u00e9 by Doina Pirau<\/a><\/p>\n<p><a href=\"https:\/\/www.yogajournal.com\/meditation\/out-there-naam-yoga-global-gathering-for-peace-and-healing\" target=\"_blank\" rel=\"noopener noreferrer\">Yoga Journal, November 22, 2017, Out There: 200,000 Yogis Meditate in Mexico City This Weekend in Wake of World Tragedies<\/a><\/p>\n<p><a href=\"http:\/\/2hg.88e.myftpupload.com\/library\/200000-people-come-together-naam-superclass-peace-yoga-journal-singapore.pdf\" target=\"_blank\" rel=\"noopener noreferrer\">Yoga Journal Singapore, November 26, 2017, More Than 200,000 Come Together For Yoga &amp; Meditation In Mexico City<\/a><\/p>\n<p><a href=\"https:\/\/www.rootlight.com\/library\/la-yoga-press-may-2016.htm\">LA Yoga Magazine, May 2016, Gathering for Gobal Peace: \u00a0Naam Yoga Takes Over Mexico City<\/a><\/p>\n<p><a href=\"https:\/\/www.vanguardia.com.mx\/articulo\/miles-de-personas-participaron-en-la-meditacion-global-masiva-por-la-paz\" target=\"_blank\" rel=\"noopener noreferrer\">Vanguardia, November 2015, Thousands Participate in a Massive Global Meditation for Peace<\/a><\/p>\n<p class=\"x_MsoNormal\"><a href=\"https:\/\/vanguardia.com.mx\/laclasedeyogamasgrandedelmundoserealizoenmexico-1149496.html\" target=\"_blank\" rel=\"noopener noreferrer\">Vanguardia, November 2011, La clase de yoga m\u00e1s grande del mundo se realiz\u00f3 en M\u00e9xico<\/a><\/p>\n<p><a href=\"http:\/\/trendmag2.trendoffset.com\/publication\/?i=192928&amp;ver=html5&amp;p=24\" target=\"_blank\" rel=\"noopener noreferrer\">Global Leaders, Local Visionaries, Santa Monica Chamber of Commerce Business Guide<\/a><\/p>\n<p><a href=\"https:\/\/t2conline.com\/finding-spiritual-bliss-hamptons-style-with-onda\/\" target=\"_blank\" rel=\"noopener noreferrer\"> Times Square Chronicles, August 2018<\/a><\/p>\n<p><span class=\"\"> <a href=\"https:\/\/www.huffpost.com\/entry\/300000-gather-in-mexico-city-to-spread-love-peace_b_5a2876ffe4b053b5525db71e\" target=\"_blank\" rel=\"noopener noreferrer\"> Huffington Post, December 7, 2017, 300,000+ Gather in Mexico City to Spread Love, Peace and Light in Turbulent Times<\/a>\u00a0<\/span><\/p>\n<p>Reforma Corazon de Mexico January 2014<\/p>\n<p><a href=\"https:\/\/www.youtube.com\/watch?v=_VCDDau0ot4\" target=\"_blank\" rel=\"noopener noreferrer\">ITN, November 26, 2012, Thousands attend mass yoga session in Mexico<\/a><\/p>\n<p><a href=\"https:\/\/www.tagesanzeiger.ch\/panorama\/vermischtes\/Mit-Yoga-gegen-den-Drogenkrieg\/story\/12546331\" target=\"_blank\" rel=\"noopener noreferrer\">Tages Anzeiger, November 26,2012, Mit Yoga gegen den Drogenkrieg<\/a><\/p>\n<p><a href=\"https:\/\/www.spiegel.de\/video\/massen-yoga-in-mexiko-stadt-tausende-beim-naam-treffen-video-1237433.html\" target=\"_blank\" rel=\"noopener noreferrer\">Spiegel, November 26, 2012, Massen-Yoga in Mexiko-Stadt: Hauche ein &#8220;Om&#8221; f\u00fcr die Metropole<\/a><\/p>\n<p class=\"x_MsoNormal\"><a href=\"https:\/\/layoga.com\/community\/naam-yoga-takes-over-mexico-city\/\" target=\"_blank\" rel=\"noopener noreferrer\">LA Yoga, May 17, 2016, Naam Yoga takes over Mexico City<\/a><\/p>\n<p class=\"x_MsoNormal\"><a href=\"https:\/\/layoga.com\/yoga-in-the-world\/naam-yoga-hosts-worlds-largest-yoga-session\/\" target=\"_blank\" rel=\"noopener noreferrer\">LA Yoga, November 28, 2012, Naam Yoga Hosts World\u2019s Largest Yoga Session<\/a><\/p>\n<p><a href=\"https:\/\/issuu.com\/caroladams\/docs\/namaskar_january_2013\/7\">Namaskar: A Voice for the Yoga Community of Asia, January 2013, Naam Yoga Superclass<\/a><\/p>\n<p class=\"x_MsoNormal\"><a href=\"http:\/\/news.trust.org\/\/search\/?q=naam+yoga&amp;sbd=1&amp;x=-1398&amp;y=-159\" target=\"_blank\" rel=\"noopener noreferrer\">Reuters, March 9, 2013, People participate in an early morning Naam yoga super class at the Revolution Monument in Mexico City<\/a><\/p>\n<p>[\/et_pb_text][\/et_pb_column][et_pb_column type=&#8221;1_2&#8243; _builder_version=&#8221;4.16&#8243; custom_padding=&#8221;|||&#8221; global_colors_info=&#8221;{}&#8221; custom_padding__hover=&#8221;|||&#8221;][et_pb_video src=&#8221;https:\/\/www.youtube.com\/watch?v=2-aSQOsBPgs&#8221; _builder_version=&#8221;4.16&#8243; _module_preset=&#8221;default&#8221; global_colors_info=&#8221;{}&#8221;][\/et_pb_video][et_pb_testimonial quote_icon=&#8221;off&#8221; admin_label=&#8221;Testimonial&#8221; _builder_version=&#8221;4.16&#8243; background_size=&#8221;initial&#8221; background_position=&#8221;top_left&#8221; background_repeat=&#8221;repeat&#8221; global_colors_info=&#8221;{}&#8221;]<\/p>\n<h2>For all press inquiries, please email <span style=\"text-decoration: underline;\"><a href=\"mailto:press@josephmichaellevry.com\">press@josephmichaellevry.com<\/a><\/span><\/h2>\n<p>[\/et_pb_testimonial][\/et_pb_column][\/et_pb_row][\/et_pb_section]<\/p>\n","protected":false},"excerpt":{"rendered":"<p>Dr. Joseph Michael Levry in the Press FORBES Magazine, March 2021. Sukshma Vyayama: The yogic discipline that connects you to your spiritual essence PURIST Magazine, July 2020. Love in Action: Carolyn Murphy speaks to Dr. Levry about accessing spirituality in these challenging times CNN, April 24, 2020. Van Jones: I&#8217;m someone Covid-19 could easily kill. [&hellip;]<\/p>\n","protected":false},"author":1,"featured_media":0,"parent":0,"menu_order":0,"comment_status":"closed","ping_status":"closed","template":"","meta":{"_et_pb_use_builder":"on","_et_pb_old_content":"","_et_gb_content_width":"","footnotes":""},"class_list":["post-358","page","type-page","status-publish","hentry"],"_links":{"self":[{"href":"https:\/\/josephmichaellevry.com\/cs\/wp-json\/wp\/v2\/pages\/358","targetHints":{"allow":["GET"]}}],"collection":[{"href":"https:\/\/josephmichaellevry.com\/cs\/wp-json\/wp\/v2\/pages"}],"about":[{"href":"https:\/\/josephmichaellevry.com\/cs\/wp-json\/wp\/v2\/types\/page"}],"author":[{"embeddable":true,"href":"https:\/\/josephmichaellevry.com\/cs\/wp-json\/wp\/v2\/users\/1"}],"replies":[{"embeddable":true,"href":"https:\/\/josephmichaellevry.com\/cs\/wp-json\/wp\/v2\/comments?post=358"}],"version-history":[{"count":2,"href":"https:\/\/josephmichaellevry.com\/cs\/wp-json\/wp\/v2\/pages\/358\/revisions"}],"predecessor-version":[{"id":2378,"href":"https:\/\/josephmichaellevry.com\/cs\/wp-json\/wp\/v2\/pages\/358\/revisions\/2378"}],"wp:attachment":[{"href":"https:\/\/josephmichaellevry.com\/cs\/wp-json\/wp\/v2\/media?parent=358"}],"curies":[{"name":"wp","href":"https:\/\/api.w.org\/{rel}","templated":true}]}}